{"id":33,"date":"2023-06-30T21:28:40","date_gmt":"2023-06-30T19:28:40","guid":{"rendered":"http:\/\/gdrcomplexe.fr\/?page_id=33"},"modified":"2025-03-31T08:47:35","modified_gmt":"2025-03-31T06:47:35","slug":"offres-demploi","status":"publish","type":"page","link":"https:\/\/gdrcomplexe.fr\/index.php\/offres-demploi\/","title":{"rendered":"Offres d&#8217;emploi"},"content":{"rendered":"<div>\n<div><span style=\"color: #000000;\"><b>Post-doc position \u00ab Optical properties of complex disordered materials with structural correlations<\/b><b>\u00a0\u00bb<\/b><\/span><\/div>\n<\/div>\n<div>\n<p><span style=\"color: #000000;\"><span style=\"font-size: 1rem;\">A post-doc position opens at Institut Langevin (Paris) to investigate theoretically and numerically the possibility to design correlated materials with predefined optical properties. The position is for one year <\/span><span style=\"font-size: 1rem;\">with a possibility for a second year. Applicants should submit a motivation letter and a resume to Romain Pierrat (romain.pierrat@espci.psl.eu) and R\u00e9mi Carminati (remi.carminati@espci.psl.eu). Planned starting dateis July 2025. See<span style=\"color: #0000ff;\"> <a style=\"color: #0000ff;\" href=\"http:\/\/gdrcomplexe.fr\/wp-content\/uploads\/2025\/03\/PhDposition_Langevin.pdf\" target=\"_blank\" rel=\"noopener\">here<\/a><\/span> for more details<\/span><\/span><\/p>\n<\/div>\n<p><span style=\"color: #000000;\"><b>Open post-doc position on collective light scattering in phase-separated glasses\u00a0<br \/><\/b>A 6-month postdoc position opens at CEMHTI (Orl\u00e9ans, France),\u00a0to work on a project aimed to optimize the scattering of light by phase-separated glasses characterized by thecoexistence of several vitreous phases (see attached pdf for details).\u00a0The main objective is to determine by numerical simulation the geometric parameters leading to the desired optical property. The successful candidate will work to bring\u00a0out iridescence properties, sought after by CEHMTI industrial\u00a0partners. He\/she will also seek to better understand, again\u00a0by numerical means, the mechanisms of light\/matter interaction in already manufactured samples in order to explain\u00a0the experimental observations.\u00a0Interested candidates should send a CV, a cover letter and e letter of recommendation to<i> <\/i>cedric.blanchard at cnrs-orleans.fr. Details on the offer <a href=\"http:\/\/gdrcomplexe.fr\/wp-content\/uploads\/2025\/03\/Postdoc_CEMHTI.pdf\" target=\"_blank\" rel=\"noopener\">here<\/a>.<\/span><\/p>\n<p><span style=\"color: #000000;\"><b>Open research fellow (Post-doc) position on cooperative effects with dense strontium BEC.\u00a0<br \/><\/b>A postdoc position opens to join a new experimental project with Bose-Einstein condensates (BEC) of 88Sr. The aim of the project is to study cooperative effects of light scattering and transport in a dense ultracold atomic cloud. \u00a0The successful applicant is expected to guide and work with a PhD student to produce Sr BEC with the help of machine learning and original evaporative techniques. Other roles include taking charge of the technical and developmental aspects of the setup, coordinating and performing experiments and data taking. Interested candidates should have a PhD in AMO physics with background in experimental cold atomic physics. For application or further information on this opening, please contact David Wilkowski (david.wilkowski at ntu.edu.sg) or Chang Chi Kwong (changchikwong at ntu.edu.sg). Website: https:\/\/ultracold.quantumlah.org\/ Details on the offer <a href=\"http:\/\/gdrcomplexe.fr\/wp-content\/uploads\/2025\/02\/PostDoc-Cooperative-effects-on-BEC.pdf\" target=\"_blank\" rel=\"noopener\">here<\/a><\/span><\/p>\n<p><span style=\"color: #000000;\"><b>Poste MCF \u00e0 l&rsquo;Universit\u00e9 Claude Bernard Lyon 1<br \/><\/b><\/span><span style=\"color: #000000;\">L&rsquo;Universit\u00e9 Claude Bernard Lyon 1 ouvrira tr\u00e8s probablement un poste MCF (sections 28 et 30) en mars 2025 en visant sp\u00e9cifiquement un\u00a0<u>profil de th\u00e9oricien\/num\u00e9ricien<\/u>. La personne recrut\u00e9e sera affect\u00e9e \u00e0 l&rsquo;une des deux \u00e9quipes de th\u00e9oricien.ne.s de l&rsquo;Institut Lumi\u00e8re Mati\u00e8re (<a class=\"moz-txt-link-freetext\" style=\"color: #000000;\" href=\"https:\/\/ilm.univ-lyon1.fr\/\">https:\/\/ilm.univ-lyon1.fr\/<\/a>), que sont les \u00e9quipes \u00ab\u00a0Mod\u00e9lisation de la Mati\u00e8re Condens\u00e9e et des Interfaces\u00a0\u00bb (MMCI) et \u00ab\u00a0Physico-Chimie Th\u00e9orique\u00a0\u00bb.<\/span><\/p>\n<p><span style=\"color: #000000;\"><b><span lang=\"EN-GB\">2-year postdoctoral position on <\/span><\/b><strong>Dynamical phase transitions in quenched Bose gases<\/strong><\/span><i><br \/><\/i><span style=\"color: #000000;\"><span class=\"\">A theoretical postdoctoral position opens at LKB in Paris, to address the non-equilibrium<\/span> dynamics\u00a0of 2D Bose gases quenched across the Kosterlitz-Thouless transition. The project will involve a variety of methods such as field theories, kinetic approaches and numerical simulations. A collaboration with the local experimental group investigating non-equilibrium fluids of light will be possible.\u00a0The postdoc is expected to start on January 2025, but the position will remain open untill filed. Interested candidates should contact Nicolas Cherroret at nicolas.cherroret at lkb.upmc.fr. <a href=\"http:\/\/gdrcomplexe.fr\/wp-content\/uploads\/2024\/09\/Postdoc_project.pdf\" target=\"_blank\" rel=\"noopener\">See here<\/a> for a more detailed description of the position.<\/span><\/p>\n<p><span style=\"color: #000000;\"><b><span lang=\"EN-GB\">15-months postdoctoral position on Wave control through walls using reconfigurable surfaces<br \/><\/span><\/b><span class=\"\">Applications are invited for a 15-month postdoctoral position at IETR Rennes.\u00a0<\/span><span class=\"\">\u00a0<\/span><span class=\"\">The work will be dedicated to the enhancement of transmission through walls in the microwave regime using reconfigurable systems.<\/span> The postdoc is expected to start on october\/november 2024. Interested candidates should contact Matthieu Davy at matthieu.davy at univ-rennes.fr. See <span style=\"color: #3366ff;\"><a style=\"color: #3366ff;\" href=\"http:\/\/gdrcomplexe.fr\/wp-content\/uploads\/2024\/07\/offre-postdoc-2024.pdf\" target=\"_blank\" rel=\"noopener\">here<\/a><\/span> for a more detailed description of the position.<\/span><\/p>\n<p><span style=\"color: #000000;\"><strong>Call for two junior group leaders in physical sciences at the young team incubator of the Institute of Physics of Coll\u00e8ge de France (IPCDF), Paris<\/strong><i><br \/><\/i><\/span><span style=\"color: #000000;\">Two young investigator\/junior group leader positions are open at the Physics Institute of Coll\u00e8ge de France (IPCdF). We are aiming at high-level scientists with 2 to 12 years of experience after the PhD, for starting independent work in the field of experimental or theoretical physics. The position is for four years, with a possible renewal for a second four-year period, after review. The laureate will be granted office space, lab space for experimental projects, administrative support, funds for running costs and will have access to internal Coll\u00e8ge de France calls for postdoctoral positions. A clean room and a computer cluster are accessible, with the support of research engineers. Technical support also includes a wellequipped mechanics workshop. The position does not include salary, which must be provided from another institution (e.g. within CNRS or Universities) or through an already obtained grant. Laureates are expected to start their activity between March and September, 2025. See <span style=\"color: #3366ff;\"><a style=\"color: #3366ff;\" href=\"http:\/\/gdrcomplexe.fr\/wp-content\/uploads\/2024\/07\/Younginvestigators_2024_v2_Short.pdf\" target=\"_blank\" rel=\"noopener\">here<\/a><\/span> for details on the application procedure.<\/span><\/p>\n<p><span style=\"color: #000000;\"><span class=\"\"><b class=\"\">Postdoc\/PhD position at LCPQ Toulouse<br \/><\/b><\/span><span class=\"\">A<\/span><span class=\"\">pplications are invited for a postdoctoral or PhD position at the Laboratoire de Chimie et Physique Quantiques (Toulouse, France), to work on\u00a0<\/span><span class=\"\">\u00a0<\/span>Metal-insulator transitions in correlated systems with disorder (Keywords Metal-insulator transition, Anderson localization, disordered systems, strongly correlated materials, Hubbard model, dynamical mean-field theory). See <span style=\"color: #3366ff;\"><a style=\"color: #3366ff;\" href=\"http:\/\/gdrcomplexe.fr\/wp-content\/uploads\/2024\/07\/PhDProject2024.pdf\" target=\"_blank\" rel=\"noopener\">here<\/a><\/span> and <span style=\"color: #3366ff;\"><a style=\"color: #3366ff;\" href=\"http:\/\/gdrcomplexe.fr\/wp-content\/uploads\/2024\/07\/PostDoc2024.pdf\" target=\"_blank\" rel=\"noopener\">here<\/a><\/span> for more details about the positions.<b class=\"\">\u00a0The expected starting date is October 1st, 2024.\u00a0<\/b>Applications should be submitted to Cyril MARTINS (<span style=\"color: #3366ff;\"><a class=\"\" style=\"color: #3366ff;\" href=\"mailto:cyril.martins@irsamc.ups-tlse.fr\">cyril.martins@irsamc.ups-tlse.fr<\/a><\/span>). They must include a curriculum vitae (including names of potential referees), a list of publication and a short statement of you research interest and how they relate to the project.<\/span><\/p>\n<p><span style=\"color: #000000;\"><b class=\"\">[Urgent] PhD position at CEHMTI (Orl\u00e9ans)<br \/><\/b><\/span><span class=\"\" style=\"color: #000000; font-size: 1rem;\">A PhD position is available at\u00a0CEHMTI (Orl\u00e9ans) to work on the\u00a0<\/span><span class=\"\" style=\"color: #000000; font-size: 1rem;\"><i class=\"\">Design of functional properties in random many-particle materials by\u00a0means of cooperative electromagnetic scattering<\/i><\/span><span class=\"\" style=\"color: #000000; font-size: 1rem;\">, under the supervision of\u00a0C\u00e9dric Blanchard and Olivier Rozenbaum.\u00a0<\/span><span class=\"\" style=\"color: #000000; font-size: 1rem;\"><span class=\"\">The PhD is expected to start on September to November 2024. Interested candidates should contact\u00a0<\/span>cedric.blanchard at cnrs-orleans.fr\u00a0<span class=\"\">and send a curriculum vitae, a cover letter and a \u00a0letter of recommendation. See <span style=\"color: #3366ff;\"><a style=\"color: #3366ff;\" href=\"http:\/\/gdrcomplexe.fr\/wp-content\/uploads\/2024\/07\/Thesis_CEMHTI_France.pdf\" target=\"_blank\" rel=\"noopener\">here<\/a><\/span> for more details about the job.<\/span><\/span><\/p>\n<div class=\"\">\n<div>\n<p><span style=\"color: #000000;\"><span class=\"\"><b class=\"\">PhD position at LiPHY (Grenoble)<br \/><\/b><\/span><span class=\"\">A PhD position in experimental physics opens at the Laboratoire Interdisciplinaire de Physique de Grenoble under the\u00a0supervision of Dorian Bouchet and Emmanuel Bossy, in the following topics: &#8211;\u00a0<\/span><i class=\"\">Optimal acoustic sensing in complex scattering media <\/i><span class=\"\">and<\/span><i class=\"\">\u00a0<\/i><i class=\"\">Optimal selective focusing of light on moving targets. <\/i><span class=\"\">More information can be found <span style=\"color: #3366ff;\"><a style=\"color: #3366ff;\" href=\"http:\/\/gdrcomplexe.fr\/wp-content\/uploads\/2024\/07\/proposition_these_detection_acoustique.pdf\" target=\"_blank\" rel=\"noopener\">here<\/a><\/span> and <span style=\"color: #3366ff;\"><a style=\"color: #3366ff;\" href=\"http:\/\/gdrcomplexe.fr\/wp-content\/uploads\/2024\/07\/proposition_these_focalisation_optique.pdf\" target=\"_blank\" rel=\"noopener\">here<\/a><\/span>. Interested candidates should contact\u00a0<\/span><span class=\"\"><i class=\"\">\u00a0<\/i>Dorian Bouchet (<\/span><span class=\"\"><a class=\"\" style=\"color: #000000;\" href=\"mailto:dorian.bouchet@univ-grenoble-alpes.fr\">dorian.bouchet@univ-grenoble-alpes.fr<\/a>\u00a0<span class=\"\">)<\/span><\/span><\/span><\/p>\n<div>\u00a0<\/div>\n<\/div>\n<\/div>\n<p><span style=\"color: #000000;\"><b class=\"\">Postdoctoral associate in mathematical physics<br \/><\/b><span class=\"\">A 3-year postdoctoral associate in mathematical physics will open soon at\u00a0<span class=\"\">Northumbria University (Newcastle, UK)<\/span>. The project, funded by an EPSRC grant, is to study a new model of many-body particles and study the classical\/quantum correspondence for it, based on\u00a0<a class=\"\" style=\"color: #000000;\" href=\"https:\/\/arxiv.org\/abs\/2011.10637\">https:\/\/arxiv.org\/abs\/2011.10637<\/a>\u00a0<\/span><span class=\"\">A background on quantum or statistical field theory, semiclassical techniques (path integral quantization) is required. Interested candidates should contact R\u00e9my Dubertrand at\u00a0<\/span><span class=\"\" style=\"color: #3366ff;\"><a class=\"\" style=\"color: #3366ff;\" href=\"mailto:remy.dubertrand@northumbria.ac.uk\">remy.dubertrand@northumbria.ac.uk<\/a><\/span><\/span><\/p>\n<p><span style=\"color: #000000;\"><span class=\"\"><b class=\"\">PhD position on\u00a0Quantum Transport in Disordered Semiconductors<br \/><\/b><\/span><span class=\"\">A PhD position opens at EPSCI under the\u00a0supervision of Marcel Filoche, with the aim\u00a0to establish a new model of quantum\u00a0transport in disordered materials, taking into account structural\u00a0disorder at the nanoscale, by exploiting the localization\u00a0landscape theory (see <span style=\"color: #3366ff;\"><a style=\"color: #3366ff;\" href=\"http:\/\/gdrcomplexe.fr\/wp-content\/uploads\/2024\/03\/Transport_Semiconductors.pdf\" target=\"_blank\" rel=\"noopener\">here<\/a><\/span> for more details).\u00a0This thesis will be part of a larger project, funded by the Simons\u00a0Foundation, dedicated to wave localization (\u201cLocalization of\u00a0Waves,\u201d <span class=\"\" style=\"color: #3366ff;\"><a class=\"\" style=\"color: #3366ff;\" href=\"https:\/\/wave.umn.edu\/\">https:\/\/wave.umn.edu<\/a><\/span>). Interested candidates should contact\u00a0Prof. Marcel Filoche,\u00a0<span class=\"\">marcel.filoche at espci.psl.eu<\/span><\/span><\/span><\/p>\n<p><span style=\"color: #000000;\"><span class=\"\"><span class=\"\"><b class=\"\">3-year postdoc position on the modeling of large-dimensional optical meta surfaces<\/b><br class=\"\" \/>Applications are invited for a 3-year postdoctoral position at LP2N in Bordeaux.\u00a0<\/span><\/span><span class=\"\">\u00a0<\/span><span class=\"\">The work will involve\u00a0<\/span>developing theoretical tools and approximate models to predict how light is scattered by large sets of randomly or ordered meta-atoms, see <span style=\"color: #3366ff;\"><a style=\"color: #3366ff;\" href=\"http:\/\/gdrcomplexe.fr\/wp-content\/uploads\/2024\/03\/2024-offre-GDR.pdf\" target=\"_blank\" rel=\"noopener\">here<\/a><\/span>\u00a0for more details. The postdoc is expected to start on septembre 2023. Interested candidates should contact Philippe Lalanne at\u00a0philippe.lalanne at institut.optique.fr<\/span><\/p>\n<p><span style=\"color: #000000;\"><b class=\"\">Postdoc position at the University of Toronto<\/b><\/span><br class=\"\" \/><span style=\"color: #000000;\">Applications are invited for a Postdoctoral Position in the Physics Department at the\u00a0University of Toronto for Theoretical Research in Condensed Matter Physics and the\u00a0Science and Applications of Photonic\u00a0Crystals. The hired postdoc will\u00a0work\u00a0with Prof. Sajeev John in topics including light-matter interactions in photonic\u00a0crystals, sound sculpting in phononic crystals, and topological spintronics.\u00a0Applications\u00a0to solar energy harvesting, optical bio-sensing for medical diagnostics, and novel\u00a0quantum phenomena will also be considered. Familiarity with numerical and\u00a0computational methods is required. A more\u00a0detailed description of recent research can be\u00a0found\u00a0at\u00a0<span style=\"color: #3366ff;\"><a style=\"color: #3366ff;\" href=\"http:\/\/www.physics.utoronto.ca\/~john\">www.physics.utoronto.ca\/~john<\/a><\/span>\u00a0or <span style=\"color: #3366ff;\"><a style=\"color: #3366ff;\" href=\"http:\/\/gdrcomplexe.fr\/wp-content\/uploads\/2024\/03\/postdoc-advert-2024.pdf\" target=\"_blank\" rel=\"noopener\">here<\/a><\/span>\u00a0<\/span><\/p>\n<p><span class=\"\" style=\"color: #000000;\"><b class=\"\">Postdoc position on many-body quantum dynamics, LPT Toulouse, France<\/b><\/span><br class=\"\" \/><span style=\"color: #000000;\"><span class=\"\">Applications are invited for a postdoctoral fellowship on the topics of non-equilibrium quantum matter (quantum dynamics, many-body localization, entanglement, etc). The position is for two years, with a starting date ranging from Spring to Fall 2024.\u00a0\u00a0<\/span><span class=\"\">The postdoc will work in collaboration with F. Alet and N. Laflorencie. Interested candidates should preferentially have a background in quantum many-body physics and\/or computational physics.\u00a0<\/span><span class=\"\">Applications with a CV and a brief research statement, and names of at least two referees should be sent to \u00a0<\/span>fabien.alet at cnrs.fr<span class=\"\">\u00a0and\u00a0<\/span>nicolas.laflorencie at cnrs.fr<span class=\"\">.\u00a0<\/span><\/span><\/p>\n<p><span style=\"color: #000000;\"><b class=\"\">Postdoc position in <span class=\"\">theoretical many-body quantum physics<br \/><\/span><\/b><span style=\"font-size: 1rem;\">The research group of Prof. Peter Schlagheck at University of\u00a0Li\u00e8ge (Belgium) is offering a two-years (full-time) postdoctoral\u00a0position in the field of theoretical many-body quantum physics,\u00a0focusing on the challenge of creating highly entangled NOON\u00a0states with ultracold atoms via Floquet engineering (see <span style=\"color: #3366ff;\"><a style=\"color: #3366ff;\" href=\"http:\/\/gdrcomplexe.fr\/wp-content\/uploads\/2023\/10\/postdoc_position.pdf\">here<\/a><\/span> for details).\u00a0Applications should contain a CV and a cover letter, including\u00a0the contact details of two references. They should be sent\u00a0to <\/span>peter.schlagheck at uliege.be<span style=\"font-size: 1rem;\">. Applications received until\u00a0Friday October 27th (2023) will be preferentially considered.<\/span><\/span><\/p>\n<p><span style=\"color: #000000;\"><b class=\"\"><span class=\"\"><span class=\"\">Postdoc position at LKB (Paris)<br \/><\/span><\/span><\/b><span class=\"\"><span class=\"\"><span style=\"font-size: revert;\">A <\/span><\/span><\/span><span class=\"\"><span class=\"\"><span class=\"\" lang=\"EN-US\" style=\"font-size: revert;\">postdoctoral position in theoretical physics opens in the \u00ab\u00a0Quantum theory, Atoms and Fields\u00a0\u00bb group of LKB (campus of Sorbonne Universit\u00e9, Paris).\u00a0<\/span><\/span><\/span>The aim of the postdoc\u00a0will be to develop a scattering description of Casimir forces\u00a0between metallic plates, by properly\u00a0treating the non-specular reflection of\u00a0virtual photons on the impurities\u00a0embedded in the metal.\u00a0The main objective will be to understand how these heterogeneities affect the Casimir force and whether\u00a0their\u00a0account can reconcile theory and experiments.\u00a0The research work will involve theoretical\u00a0methods\u00a0such as\u00a0diagrammatic\u00a0treatments of disorder scattering, random-matrix theories and Casimir physics, as well as numerical methods. Applicants should contact Serge Reynaud (serge.reynaud at lkb.upmc.fr) and Nicolas\u00a0Cherroret\u00a0(nicolas.cherroret at lkb.upmc.fr) with a CV\u00a0including reference names and a motivation letter. <span style=\"color: #3366ff;\"><a style=\"color: #3366ff;\" href=\"http:\/\/gdrcomplexe.fr\/wp-content\/uploads\/2023\/07\/Postdoc_Offer_LKB.pdf\" target=\"_blank\" rel=\"noopener\">More information about the job offer here.<\/a><\/span><\/span><\/p>\n<p><span style=\"color: #000000;\"><b class=\"\"><span class=\"\"><span class=\"\">Postdoc position at LP2N (Bordeaux)<br \/><\/span><\/span><\/b><span style=\"font-size: revert;\">A \u00a0<\/span><span class=\"\" lang=\"EN-US\" style=\"font-size: revert;\">3-year postdoctoral position at Bordeaux on Modelisation and design of disordered optical metasurfaces opens in Bordeaux (see attached document for more details).<b class=\"\">\u00a0<\/b><\/span><span style=\"font-size: revert;\">The project will start on September 2023 at the Laboratoire Photonique Num\u00e9rique et Nanosciences (LP2N) and will last 5 years. It will gather skills on complex media, electromagnetism, nanophotonics, rendering, structural color and nanofabrication. The present offer concerns a 3-year postdoc pomodelization and design.\u00a0<\/span><span class=\"\" lang=\"EN-US\" style=\"font-size: revert;\">More information on the group \u00a0can be found at <\/span><span class=\"\" style=\"font-size: revert;\"><span class=\"\" lang=\"EN-US\"><span style=\"color: #3366ff;\"><a class=\"\" style=\"color: #3366ff;\" href=\"https:\/\/www.lp2n.institutoptique.fr\/equipes-de-recherche-du-lp2n\/light-complex-nanostructures\">https:\/\/www.lp2n.institutoptique.fr\/equipes-de-recherche-du-lp2n\/light-complex-nanostructures<\/a><\/span>\u00a0<\/span><\/span><span class=\"\" lang=\"EN-US\" style=\"font-size: revert;\">Applicants should contact philippe lalanne (<\/span><span class=\"\" lang=\"EN-US\" style=\"font-size: revert;\">philippe.lalanne at institutoptique.fr)<\/span><span class=\"\" lang=\"EN-US\" style=\"font-size: revert;\">\u00a0with a resume including reference names and a motivation letter. <a style=\"color: #000000;\" href=\"http:\/\/gdrcomplexe.fr\/wp-content\/uploads\/2023\/07\/2023-mai-postdoc-modelisation-GDR-complexe.docx\">More<span style=\"color: #3366ff;\"> details here<\/span><\/a>\u00a0<\/span><\/span><\/p>\n\n\n<p><\/p>\n\n\n\n<p><\/p>\n\n\n\n<p><\/p>\n\n\n\n<p><\/p>\n","protected":false},"excerpt":{"rendered":"<p>Post-doc position \u00ab Optical properties of complex disordered materials with structural correlations\u00a0\u00bb A post-doc position opens at Institut Langevin (Paris) to investigate theoretically and numerically the possibility to design correlated materials with predefined optical properties. The position is for one year with a possibility for a second year. Applicants should submit a motivation letter and [&hellip;]<\/p>\n","protected":false},"author":1,"featured_media":0,"parent":0,"menu_order":0,"comment_status":"closed","ping_status":"closed","template":"","meta":{"footnotes":""},"class_list":["post-33","page","type-page","status-publish","hentry"],"_links":{"self":[{"href":"https:\/\/gdrcomplexe.fr\/index.php\/wp-json\/wp\/v2\/pages\/33","targetHints":{"allow":["GET"]}}],"collection":[{"href":"https:\/\/gdrcomplexe.fr\/index.php\/wp-json\/wp\/v2\/pages"}],"about":[{"href":"https:\/\/gdrcomplexe.fr\/index.php\/wp-json\/wp\/v2\/types\/page"}],"author":[{"embeddable":true,"href":"https:\/\/gdrcomplexe.fr\/index.php\/wp-json\/wp\/v2\/users\/1"}],"replies":[{"embeddable":true,"href":"https:\/\/gdrcomplexe.fr\/index.php\/wp-json\/wp\/v2\/comments?post=33"}],"version-history":[{"count":28,"href":"https:\/\/gdrcomplexe.fr\/index.php\/wp-json\/wp\/v2\/pages\/33\/revisions"}],"predecessor-version":[{"id":392,"href":"https:\/\/gdrcomplexe.fr\/index.php\/wp-json\/wp\/v2\/pages\/33\/revisions\/392"}],"wp:attachment":[{"href":"https:\/\/gdrcomplexe.fr\/index.php\/wp-json\/wp\/v2\/media?parent=33"}],"curies":[{"name":"wp","href":"https:\/\/api.w.org\/{rel}","templated":true}]}}